{"id":148,"date":"2020-02-11T21:11:00","date_gmt":"2020-02-11T20:11:00","guid":{"rendered":"http:\/\/snehovyservis.cz\/?page_id=148"},"modified":"2022-03-19T01:45:54","modified_gmt":"2022-03-19T00:45:54","slug":"snehove-podminky","status":"publish","type":"page","link":"https:\/\/snehovyservis.cz\/index.php\/snehove-podminky\/","title":{"rendered":"SN\u011aHOV\u00c9 PODM\u00cdNKY"},"content":{"rendered":"\n<figure class=\"wp-block-table is-style-stripes\"><table><tbody><tr><td><strong>Oblast<\/strong><\/td><td><strong>St\u0159edisko<\/strong><\/td><td><strong>Are\u00e1l<\/strong><\/td><td><strong>Sn\u00edh celkem<\/strong><\/td><td><strong>Sn\u00edh nov\u00fd<\/strong><\/td><td><strong>Lanovky a vleky<\/strong><\/td><td><strong>Sjezdovky<\/strong><\/td><\/tr><tr><td><\/td><td><\/td><td><\/td><td><\/td><td><\/td><td><\/td><td><\/td><\/tr><tr><td><strong>Krkono\u0161e<\/strong><\/td><td>\u0160pindler\u016fv Ml\u00fdn<\/td><td>H. M\u00edse\u010dky-Medv\u011bd\u00edn <\/td><td>45 &#8211; 75 cm<\/td><td>0 cm<\/td><td>7 \/ 9<\/td><td><strong>14,4<\/strong> z 14,4 km<\/td><\/tr><tr><td><\/td><td>\u0160pindler\u016fv Ml\u00fdn <\/td><td> Svat\u00fd Petr <\/td><td>45 &#8211; 80 cm         <\/td><td>0 cm<\/td><td>4 \/ 8<\/td><td><strong>11,5<\/strong> z 12,7 km<\/td><\/tr><tr><td><\/td><td><\/td><td><\/td><td><\/td><td><\/td><td><\/td><td><\/td><\/tr><tr><td><strong> Krkono\u0161e <\/strong><\/td><td>Vrchlab\u00ed<\/td><td> Herlikovice <\/td><td>60 &#8211; 85 cm  <\/td><td><br><\/td><td>6 \/ 8<\/td><td><strong>10<\/strong> z 11,9 km<\/td><\/tr><tr><td><\/td><td>Vrchlab\u00ed<\/td><td>Kn\u011b\u017eick\u00fd vrch <\/td><td>50 &#8211; 60 cm  <\/td><td>0 cm<\/td><td>6\/ 6<\/td><td><strong>4,5 <\/strong>z 3,9 km<\/td><\/tr><tr><td><\/td><td>Benecko<\/td><td><\/td><td>90 &#8211; 130 cm<\/td><td>0 cm<\/td><td>13 \/ 14<\/td><td><strong>5<\/strong> z 5,5 km<\/td><\/tr><tr><td><\/td><td><\/td><td><\/td><td><\/td><td><\/td><td><\/td><td><\/td><\/tr><tr><td><strong>Krkono\u0161e<\/strong><\/td><td>J\u00e1nsk\u00e9 l\u00e1zn\u011b<\/td><td>\u010cern\u00e1 hora <\/td><td>60 &#8211; 90 cm <\/td><td>0 cm<\/td><td>11 \/ 12<\/td><td><strong>16,5<\/strong> z 17,5 km<\/td><\/tr><tr><td><\/td><td>Pec pod Sn\u011b\u017ekou <\/td><td><\/td><td>115 &#8211; 145 cm      <\/td><td>0 cm<\/td><td>14 \/ 15<\/td><td><strong>13,5<\/strong> z 14,1 km<\/td><\/tr><tr><td><\/td><td>\u010cern\u00fd D\u016fl   <\/td><td><\/td><td>85 &#8211; 110 cm  <\/td><td>0 cm<\/td><td>5 \/ 7<\/td><td><strong>5,5<\/strong> z 8,5 km<\/td><\/tr><tr><td><strong>Krkono\u0161e<\/strong><\/td><td>Harrachov<\/td><td><\/td><td>85 &#8211; 115 cm<\/td><td>0 cm<\/td><td>5 \/ 5<\/td><td><strong>7,9<\/strong> z 7,9 km<\/td><\/tr><tr><td><\/td><td>Rokytnice nad Jizerou <\/td><td><\/td><td>45 &#8211; 80 cm<\/td><td>0 cm<\/td><td>22 \/ 24<\/td><td><strong>21,3<\/strong> z 21,5 km<\/td><\/tr><tr><td><\/td><td><\/td><td><\/td><td><\/td><td><\/td><td><\/td><td><\/td><\/tr><tr><td> <br><strong>Je\u0161t\u011bdsk\u00fd h\u0159bet <\/strong><\/td><td>Liberec<\/td><td>Je\u0161t\u011bd<\/td><td>40 &#8211; 70 cm<\/td><td>0 cm<\/td><td>6 \/ 11<\/td><td><strong>7<\/strong> z 9,3 km<\/td><\/tr><tr><td><\/td><td><\/td><td><\/td><td><\/td><td><\/td><td><\/td><td><\/td><\/tr><tr><td><strong>Jizersk\u00e9 hory <\/strong><\/td><td>Tanvald<\/td><td>Tanvaldsk\u00fd \u0160pi\u010d\u00e1k <\/td><td>60 &#8211; 90 cm<\/td><td>0 cm<\/td><td>7 \/ 8<\/td><td><strong>8,2<\/strong> z 8,2 km<\/td><\/tr><tr><td><\/td><td><\/td><td><\/td><td><\/td><td><\/td><td><\/td><td><\/td><\/tr><tr><td><strong>Orlick\u00e9 hory<\/strong> <\/td><td>De\u0161tn\u00e9 v  Orlick\u00fdch hor\u00e1ch  <\/td><td><\/td><td>90 &#8211; 135 cm<\/td><td>0 cm<\/td><td>7 \/ 8 <\/td><td><br><strong>4<\/strong>,<strong>5<\/strong> z 5 km<\/td><\/tr><tr><td><\/td><td>\u0158\u00ed\u010dky v Orlick\u00fdch hor\u00e1ch <\/td><td><\/td><td>100 &#8211; 145 cm<\/td><td>0 cm<\/td><td>3 \/ 4<\/td><td><strong>4,2 <\/strong>z 4,2 km<\/td><\/tr><tr><td><\/td><td><\/td><td><\/td><td><\/td><td><\/td><td><\/td><td><\/td><\/tr><tr><td><strong>Kr\u00e1lick\u00fd Sn\u011b\u017en\u00edk <\/strong><\/td><td>Doln\u00ed Morava <\/td><td><\/td><td>60 &#8211; 110 cm <\/td><td>0 cm<\/td><td>7 \/ 8 <\/td><td><strong>10,4<\/strong> z 10,4 km<\/td><\/tr><tr><td><\/td><td><\/td><td><\/td><td><\/td><td><\/td><td><\/td><td><\/td><\/tr><tr><td><strong>Jesen\u00edky <\/strong><\/td><td>Kouty nad Desnou <\/td><td><\/td><td>50 &#8211; 55 cm<\/td><td><\/td><td>3 \/ 4<\/td><td><strong>4<\/strong> z 11,5 km<\/td><\/tr><tr><td><\/td><td>Prad\u011bd <\/td><td><\/td><td>135 &#8211; 190 cm<\/td><td><\/td><td>4 \/ 8<\/td><td><strong>4,5<\/strong> z 4,8 km<\/td><\/tr><tr><td><\/td><td>\u010cervenohorsk\u00e9 sedlo <\/td><td><\/td><td>65 &#8211; 100 cm<\/td><td><\/td><td>6 \/ 8<\/td><td><strong>4,5<\/strong> z 7,9 km<\/td><\/tr><tr><td><\/td><td><\/td><td><\/td><td><\/td><td><\/td><td><\/td><td><\/td><\/tr><tr><td><strong>Beskydy <\/strong><\/td><td> B\u00edl\u00e1 <\/td><td><\/td><td>45 &#8211; 70 cm<\/td><td>0 cm<\/td><td>7 \/ 7<\/td><td><strong>5<\/strong>,2 z 5,2 km<\/td><\/tr><tr><td><\/td><td><\/td><td><\/td><td><\/td><td><\/td><td><\/td><td><\/td><\/tr><tr><td><strong>\u010cesk\u00e1 Sibi\u0159 <\/strong><\/td><td> Mon\u00ednec <\/td><td><\/td><td>55 &#8211; 90 cm<\/td><td><\/td><td>4 \/ 6<\/td><td><strong>2<\/strong> z 2,0 km<\/td><\/tr><tr><td><\/td><td><\/td><td><\/td><td><\/td><td><\/td><td><\/td><td><\/td><\/tr><tr><td><strong>\u0160umava <\/strong><\/td><td>Lipno<\/td><td><\/td><td>60 &#8211; 100 cm<\/td><td>0 cm<\/td><td>8 \/ 8<\/td><td><strong>11<\/strong> z 13,4 km<\/td><\/tr><tr><td><\/td><td>Zadov<\/td><td><\/td><td>60 &#8211; 90 cm<\/td><td>0 cm<\/td><td>6 \/ 7<\/td><td><strong>2,5 <\/strong>z 4,5 km<\/td><\/tr><tr><td><\/td><td><\/td><td><\/td><td><\/td><td><\/td><td><\/td><td><\/td><\/tr><tr><td><strong>Kru\u0161n\u00e9 hory <\/strong><\/td><td>Bo\u017e\u00ed Dar <\/td><td> <\/td><td>80 &#8211; 90 cm<\/td><td><\/td><td>4 \/ 4<\/td><td><strong>2<\/strong> z 2,0 km <\/td><\/tr><tr><td><\/td><td>Kl\u00ednovec <\/td><td><\/td><td>80 &#8211; 110 cm<\/td><td><\/td><td>12 \/ 14<\/td><td><strong>24<\/strong> z 29,4 km<\/td><\/tr><tr><td><\/td><td><\/td><td><\/td><td><\/td><td><\/td><td><\/td><td><\/td><\/tr><tr><td><\/td><td><\/td><td><\/td><td><\/td><td><\/td><td><\/td><td><\/td><\/tr><\/tbody><\/table><\/figure>\n\n\n\n<h3 class=\"wp-block-heading\"><strong>Aktualizov\u00e1no: 18.3. 2022 v 23:23 hod.<\/strong><\/h3>\n\n\n\n<div style=\"height:49px\" aria-hidden=\"true\" class=\"wp-block-spacer\"><\/div>\n","protected":false},"excerpt":{"rendered":"<p>Oblast St\u0159edisko Are\u00e1l Sn\u00edh celkem Sn\u00edh nov\u00fd Lanovky a vleky Sjezdovky Krkono\u0161e \u0160pindler\u016fv Ml\u00fdn H. M\u00edse\u010dky-Medv\u011bd\u00edn 45 &#8211; 75 cm 0 cm 7 \/ 9 14,4 z 14,4 km \u0160pindler\u016fv Ml\u00fdn Svat\u00fd Petr 45 &#8211; 80 cm 0 cm 4 \/ 8 11,5 z 12,7 km Krkono\u0161e Vrchlab\u00ed Herlikovice 60 &#8211; 85 cm 6 \/ 8 10 z 11,9 km Vrchlab\u00ed Kn\u011b\u017eick\u00fd vrch 50 &#8211; 60 cm 0 cm 6\/ 6 4,5 z 3,9 km Benecko 90 &#8211; 130 cm 0 cm 13 \/ 14 5 z 5,5 km Krkono\u0161e&hellip;<\/p>\n","protected":false},"author":2,"featured_media":0,"parent":0,"menu_order":0,"comment_status":"closed","ping_status":"closed","template":"","meta":{"_mi_skip_tracking":false,"_monsterinsights_sitenote_active":false,"_monsterinsights_sitenote_note":"","_monsterinsights_sitenote_category":0,"footnotes":""},"yoast_head":"<!-- This site is optimized with the Yoast SEO plugin v21.5 - https:\/\/yoast.com\/wordpress\/plugins\/seo\/ -->\n<title>SN\u011aHOV\u00c9 PODM\u00cdNKY - Sn\u011bhov\u00fdServis.cz<\/title>\n<meta name=\"robots\" content=\"index, follow, max-snippet:-1, max-image-preview:large, max-video-preview:-1\" \/>\n<link rel=\"canonical\" href=\"https:\/\/snehovyservis.cz\/index.php\/snehove-podminky\/\" \/>\n<meta property=\"og:locale\" content=\"cs_CZ\" \/>\n<meta property=\"og:type\" content=\"article\" \/>\n<meta property=\"og:title\" content=\"SN\u011aHOV\u00c9 PODM\u00cdNKY - Sn\u011bhov\u00fdServis.cz\" \/>\n<meta property=\"og:description\" content=\"Oblast St\u0159edisko Are\u00e1l Sn\u00edh celkem Sn\u00edh nov\u00fd Lanovky a vleky Sjezdovky Krkono\u0161e \u0160pindler\u016fv Ml\u00fdn H. M\u00edse\u010dky-Medv\u011bd\u00edn 45 &#8211; 75 cm 0 cm 7 \/ 9 14,4 z 14,4 km \u0160pindler\u016fv Ml\u00fdn Svat\u00fd Petr 45 &#8211; 80 cm 0 cm 4 \/ 8 11,5 z 12,7 km Krkono\u0161e Vrchlab\u00ed Herlikovice 60 &#8211; 85 cm 6 \/ 8 10 z 11,9 km Vrchlab\u00ed Kn\u011b\u017eick\u00fd vrch 50 &#8211; 60 cm 0 cm 6\/ 6 4,5 z 3,9 km Benecko 90 &#8211; 130 cm 0 cm 13 \/ 14 5 z 5,5 km Krkono\u0161e&hellip;\" \/>\n<meta property=\"og:url\" content=\"https:\/\/snehovyservis.cz\/index.php\/snehove-podminky\/\" \/>\n<meta property=\"og:site_name\" content=\"Sn\u011bhov\u00fdServis.cz\" \/>\n<meta property=\"article:modified_time\" content=\"2022-03-19T00:45:54+00:00\" \/>\n<meta name=\"twitter:card\" content=\"summary_large_image\" \/>\n<meta name=\"twitter:label1\" content=\"Odhadovan\u00e1 doba \u010dten\u00ed\" \/>\n\t<meta name=\"twitter:data1\" content=\"1 minuta\" \/>\n<script type=\"application\/ld+json\" class=\"yoast-schema-graph\">{\"@context\":\"https:\/\/schema.org\",\"@graph\":[{\"@type\":\"WebPage\",\"@id\":\"https:\/\/snehovyservis.cz\/index.php\/snehove-podminky\/\",\"url\":\"https:\/\/snehovyservis.cz\/index.php\/snehove-podminky\/\",\"name\":\"SN\u011aHOV\u00c9 PODM\u00cdNKY - Sn\u011bhov\u00fdServis.cz\",\"isPartOf\":{\"@id\":\"https:\/\/snehovyservis.cz\/#website\"},\"datePublished\":\"2020-02-11T20:11:00+00:00\",\"dateModified\":\"2022-03-19T00:45:54+00:00\",\"breadcrumb\":{\"@id\":\"https:\/\/snehovyservis.cz\/index.php\/snehove-podminky\/#breadcrumb\"},\"inLanguage\":\"cs\",\"potentialAction\":[{\"@type\":\"ReadAction\",\"target\":[\"https:\/\/snehovyservis.cz\/index.php\/snehove-podminky\/\"]}]},{\"@type\":\"BreadcrumbList\",\"@id\":\"https:\/\/snehovyservis.cz\/index.php\/snehove-podminky\/#breadcrumb\",\"itemListElement\":[{\"@type\":\"ListItem\",\"position\":1,\"name\":\"Dom\u016f\",\"item\":\"https:\/\/snehovyservis.cz\/\"},{\"@type\":\"ListItem\",\"position\":2,\"name\":\"SN\u011aHOV\u00c9 PODM\u00cdNKY\"}]},{\"@type\":\"WebSite\",\"@id\":\"https:\/\/snehovyservis.cz\/#website\",\"url\":\"https:\/\/snehovyservis.cz\/\",\"name\":\"Sn\u011bhov\u00fdServis.cz\",\"description\":\"Nejaktu\u00e1ln\u011bj\u0161\u00ed sn\u011bhov\u00e9 a ly\u017ea\u0159sk\u00e9 zpravodajstv\u00ed\",\"publisher\":{\"@id\":\"https:\/\/snehovyservis.cz\/#organization\"},\"potentialAction\":[{\"@type\":\"SearchAction\",\"target\":{\"@type\":\"EntryPoint\",\"urlTemplate\":\"https:\/\/snehovyservis.cz\/?s={search_term_string}\"},\"query-input\":\"required name=search_term_string\"}],\"inLanguage\":\"cs\"},{\"@type\":\"Organization\",\"@id\":\"https:\/\/snehovyservis.cz\/#organization\",\"name\":\"Sn\u011bhov\u00fdServis.cz\",\"url\":\"https:\/\/snehovyservis.cz\/\",\"logo\":{\"@type\":\"ImageObject\",\"inLanguage\":\"cs\",\"@id\":\"https:\/\/snehovyservis.cz\/#\/schema\/logo\/image\/\",\"url\":\"https:\/\/snehovyservis.cz\/wp-content\/uploads\/2024\/12\/cropped-Logo_Snehovy-Servis.jpg\",\"contentUrl\":\"https:\/\/snehovyservis.cz\/wp-content\/uploads\/2024\/12\/cropped-Logo_Snehovy-Servis.jpg\",\"width\":290,\"height\":154,\"caption\":\"Sn\u011bhov\u00fdServis.cz\"},\"image\":{\"@id\":\"https:\/\/snehovyservis.cz\/#\/schema\/logo\/image\/\"}}]}<\/script>\n<!-- \/ Yoast SEO plugin. -->","yoast_head_json":{"title":"SN\u011aHOV\u00c9 PODM\u00cdNKY - Sn\u011bhov\u00fdServis.cz","robots":{"index":"index","follow":"follow","max-snippet":"max-snippet:-1","max-image-preview":"max-image-preview:large","max-video-preview":"max-video-preview:-1"},"canonical":"https:\/\/snehovyservis.cz\/index.php\/snehove-podminky\/","og_locale":"cs_CZ","og_type":"article","og_title":"SN\u011aHOV\u00c9 PODM\u00cdNKY - Sn\u011bhov\u00fdServis.cz","og_description":"Oblast St\u0159edisko Are\u00e1l Sn\u00edh celkem Sn\u00edh nov\u00fd Lanovky a vleky Sjezdovky Krkono\u0161e \u0160pindler\u016fv Ml\u00fdn H. M\u00edse\u010dky-Medv\u011bd\u00edn 45 &#8211; 75 cm 0 cm 7 \/ 9 14,4 z 14,4 km \u0160pindler\u016fv Ml\u00fdn Svat\u00fd Petr 45 &#8211; 80 cm 0 cm 4 \/ 8 11,5 z 12,7 km Krkono\u0161e Vrchlab\u00ed Herlikovice 60 &#8211; 85 cm 6 \/ 8 10 z 11,9 km Vrchlab\u00ed Kn\u011b\u017eick\u00fd vrch 50 &#8211; 60 cm 0 cm 6\/ 6 4,5 z 3,9 km Benecko 90 &#8211; 130 cm 0 cm 13 \/ 14 5 z 5,5 km Krkono\u0161e&hellip;","og_url":"https:\/\/snehovyservis.cz\/index.php\/snehove-podminky\/","og_site_name":"Sn\u011bhov\u00fdServis.cz","article_modified_time":"2022-03-19T00:45:54+00:00","twitter_card":"summary_large_image","twitter_misc":{"Odhadovan\u00e1 doba \u010dten\u00ed":"1 minuta"},"schema":{"@context":"https:\/\/schema.org","@graph":[{"@type":"WebPage","@id":"https:\/\/snehovyservis.cz\/index.php\/snehove-podminky\/","url":"https:\/\/snehovyservis.cz\/index.php\/snehove-podminky\/","name":"SN\u011aHOV\u00c9 PODM\u00cdNKY - Sn\u011bhov\u00fdServis.cz","isPartOf":{"@id":"https:\/\/snehovyservis.cz\/#website"},"datePublished":"2020-02-11T20:11:00+00:00","dateModified":"2022-03-19T00:45:54+00:00","breadcrumb":{"@id":"https:\/\/snehovyservis.cz\/index.php\/snehove-podminky\/#breadcrumb"},"inLanguage":"cs","potentialAction":[{"@type":"ReadAction","target":["https:\/\/snehovyservis.cz\/index.php\/snehove-podminky\/"]}]},{"@type":"BreadcrumbList","@id":"https:\/\/snehovyservis.cz\/index.php\/snehove-podminky\/#breadcrumb","itemListElement":[{"@type":"ListItem","position":1,"name":"Dom\u016f","item":"https:\/\/snehovyservis.cz\/"},{"@type":"ListItem","position":2,"name":"SN\u011aHOV\u00c9 PODM\u00cdNKY"}]},{"@type":"WebSite","@id":"https:\/\/snehovyservis.cz\/#website","url":"https:\/\/snehovyservis.cz\/","name":"Sn\u011bhov\u00fdServis.cz","description":"Nejaktu\u00e1ln\u011bj\u0161\u00ed sn\u011bhov\u00e9 a ly\u017ea\u0159sk\u00e9 zpravodajstv\u00ed","publisher":{"@id":"https:\/\/snehovyservis.cz\/#organization"},"potentialAction":[{"@type":"SearchAction","target":{"@type":"EntryPoint","urlTemplate":"https:\/\/snehovyservis.cz\/?s={search_term_string}"},"query-input":"required name=search_term_string"}],"inLanguage":"cs"},{"@type":"Organization","@id":"https:\/\/snehovyservis.cz\/#organization","name":"Sn\u011bhov\u00fdServis.cz","url":"https:\/\/snehovyservis.cz\/","logo":{"@type":"ImageObject","inLanguage":"cs","@id":"https:\/\/snehovyservis.cz\/#\/schema\/logo\/image\/","url":"https:\/\/snehovyservis.cz\/wp-content\/uploads\/2024\/12\/cropped-Logo_Snehovy-Servis.jpg","contentUrl":"https:\/\/snehovyservis.cz\/wp-content\/uploads\/2024\/12\/cropped-Logo_Snehovy-Servis.jpg","width":290,"height":154,"caption":"Sn\u011bhov\u00fdServis.cz"},"image":{"@id":"https:\/\/snehovyservis.cz\/#\/schema\/logo\/image\/"}}]}},"_links":{"self":[{"href":"https:\/\/snehovyservis.cz\/index.php\/wp-json\/wp\/v2\/pages\/148"}],"collection":[{"href":"https:\/\/snehovyservis.cz\/index.php\/wp-json\/wp\/v2\/pages"}],"about":[{"href":"https:\/\/snehovyservis.cz\/index.php\/wp-json\/wp\/v2\/types\/page"}],"author":[{"embeddable":true,"href":"https:\/\/snehovyservis.cz\/index.php\/wp-json\/wp\/v2\/users\/2"}],"replies":[{"embeddable":true,"href":"https:\/\/snehovyservis.cz\/index.php\/wp-json\/wp\/v2\/comments?post=148"}],"version-history":[{"count":51,"href":"https:\/\/snehovyservis.cz\/index.php\/wp-json\/wp\/v2\/pages\/148\/revisions"}],"predecessor-version":[{"id":946,"href":"https:\/\/snehovyservis.cz\/index.php\/wp-json\/wp\/v2\/pages\/148\/revisions\/946"}],"wp:attachment":[{"href":"https:\/\/snehovyservis.cz\/index.php\/wp-json\/wp\/v2\/media?parent=148"}],"curies":[{"name":"wp","href":"https:\/\/api.w.org\/{rel}","templated":true}]}}